{"id":88,"date":"2023-03-01T14:03:52","date_gmt":"2023-03-01T13:03:52","guid":{"rendered":"https:\/\/www.linkinghomes.es\/?page_id=88"},"modified":"2023-11-05T17:42:42","modified_gmt":"2023-11-05T16:42:42","slug":"politica-de-cookies","status":"publish","type":"page","link":"https:\/\/www.linkinghomes.es\/en\/politica-de-cookies\/","title":{"rendered":"Cookies policy"},"content":{"rendered":"<p>Esta web utiliza cookies. Aqu\u00ed te explicamos qu\u00e9 son las cookies y c\u00f3mo las usamos en nuestra web. Puedes cambiar tus preferencias de cookies en cualquier momento:<\/p>\n<p style=\"text-align: center;\">[borlabs-cookie type=\u00bbbtn-cookie-preference\u00bb title=\u00bbPreferencias de cookies\u00bb\/]<\/p>\n<hr \/>\n<p>En cumplimiento de la Ley 34\/2002, de 11 de julio, de Servicios de la Sociedad de la Informaci\u00f3n y Comercio Electr\u00f3nico, te informamos de que este sitio web, al igual que la mayor\u00eda de los sitios en Internet, usa Cookies para mejorar y optimizar la experiencia del usuario.<\/p>\n<p>A continuaci\u00f3n encontrar\u00e1s informaci\u00f3n detallada sobre qu\u00e9 son las Cookies, qu\u00e9 tipolog\u00eda utiliza este sitio web, c\u00f3mo cambiar la configuraci\u00f3n de tus cookies, y qu\u00e9 ocurre si deshabitas las Cookies.<\/p>\n<h2>\u00bfQu\u00e9 son las Cookies?<\/h2>\n<p>Una cookie es un peque\u00f1o archivo que se descarga en el equipo del usuario con la finalidad de almacenar datos, los cuales podr\u00e1n ser actualizados y recuperados por la entidad responsable de su instalaci\u00f3n.<\/p>\n<h2>\u00bfQu\u00e9 tipo de Cookies utiliza esta p\u00e1gina web?<\/h2>\n<p>A continuaci\u00f3n se muestra una tabla con las Cookies utilizadas en este sitio web. Puedes informarte de las transferencias a terceros pa\u00edses que, en su caso, realizan los terceros identificados en esta pol\u00edtica de cookies en sus correspondientes pol\u00edticas.<\/p>\n<p>[borlabs-cookie type=\u00bbcookie-list\u00bb\/]<\/p>\n<h2>\u00bfC\u00f3mo puedes configurar tus Cookies?<\/h2>\n<p>Al navegar y continuar en nuestro sitio web, estar\u00e1s consintiendo el uso de las Cookies en las condiciones contenidas en la presente Pol\u00edtica de Cookies. Como usuario, tienes la posibilidad de ejercer tu derecho a bloquear, eliminar y rechazar el uso de Cookies, en todo momento, modificando las opciones de tu navegador.<\/p>\n<p>Por ejemplo:<\/p>\n<ol>\n<li>Internet Explorer: Herramientas &gt; Opciones de Internet &gt; Privacidad &gt; Configuraci\u00f3n. Para m\u00e1s informaci\u00f3n, puedes consultar el soporte de Microsoft o la Ayuda del navegador.<\/li>\n<li>Mozilla Firefox: Herramientas &gt; Opciones &gt; Privacidad &gt; Historial &gt; Configuraci\u00f3n Personalizada. Para m\u00e1s informaci\u00f3n, puedes consultar el soporte de Mozilla o la Ayuda del navegador.<\/li>\n<li>Google Chrome: Configuraci\u00f3n &gt; Mostrar opciones avanzadas &gt; Privacidad -&gt; Configuraci\u00f3n de contenido. Para m\u00e1s informaci\u00f3n, puedes consultar el soporte de Google o la Ayuda del navegador.<\/li>\n<li>Safari: Preferencias &gt; Seguridad. Para m\u00e1s informaci\u00f3n, puedes consultar el soporte de Apple o la Ayuda del navegador.<\/li>\n<li>Opera: Configuraci\u00f3n &gt; Opciones &gt; Avanzado &gt; Cookies Para m\u00e1s informaci\u00f3n, puedes consultar el soporte de Opera o la Ayuda del navegador.<\/li>\n<\/ol>\n<p>Si usas otro navegador distinto a los anteriores, consulta su pol\u00edtica de instalaci\u00f3n, uso y bloqueo de cookies.<\/p>\n<h2>Tu historial de consentimiento<\/h2>\n<p>[borlabs-cookie type=\u00bbconsent-history\u00bb\/]<\/p>\n<h2>\u00bfQu\u00e9 ocurre si se deshabilitan las Cookies?<\/h2>\n<p>Algunas funcionalidades de los Servicios o \u00e1reas de este sitio web podr\u00edan no funcionar correctamente.<\/p>\n<h2>\u00bfActualizamos nuestra pol\u00edtica de Cookies?<\/h2>\n<p>Es posible que actualicemos la pol\u00edtica de Cookies de nuestra p\u00e1gina web, por ello, nuestros abogados nos piden que te recomendamos revisar esta pol\u00edtica cada vez que accedas a nuestro sitio web, con el objetivo de estar adecuadamente informado sobre c\u00f3mo y para que \u00fasamos las Cookies.<\/p>\n","protected":false},"excerpt":{"rendered":"<p>Esta web utiliza cookies. Aqu\u00ed te explicamos qu\u00e9 son las cookies y c\u00f3mo las usamos en nuestra web. Puedes cambiar tus preferencias de cookies en cualquier momento: [borlabs-cookie type=\u00bbbtn-cookie-preference\u00bb title=\u00bbPreferencias de cookies\u00bb\/] En cumplimiento de la Ley 34\/2002, de 11 de julio, de Servicios de la Sociedad de la Informaci\u00f3n y Comercio Electr\u00f3nico, te informamos [&hellip;]<\/p>\n","protected":false},"author":1,"featured_media":0,"parent":0,"menu_order":9,"comment_status":"closed","ping_status":"closed","template":"","meta":{"_joinchat":[],"footnotes":""},"class_list":["post-88","page","type-page","status-publish","hentry"],"yoast_head":"<!-- This site is optimized with the Yoast SEO plugin v27.4 - https:\/\/yoast.com\/product\/yoast-seo-wordpress\/ -->\n<title>Pol\u00edtica de cookies - Linking Homes<\/title>\n<meta name=\"description\" content=\"Pol\u00edtica de cookies de Linking Homes\" \/>\n<meta name=\"robots\" content=\"index, follow, max-snippet:-1, max-image-preview:large, max-video-preview:-1\" \/>\n<link rel=\"canonical\" href=\"https:\/\/www.linkinghomes.es\/en\/politica-de-cookies\/\" \/>\n<meta property=\"og:locale\" content=\"en_US\" \/>\n<meta property=\"og:type\" content=\"article\" \/>\n<meta property=\"og:title\" content=\"Pol\u00edtica de cookies - Linking Homes\" \/>\n<meta property=\"og:description\" content=\"Pol\u00edtica de cookies de Linking Homes\" \/>\n<meta property=\"og:url\" content=\"https:\/\/www.linkinghomes.es\/en\/politica-de-cookies\/\" \/>\n<meta property=\"og:site_name\" content=\"Linking Homes\" \/>\n<meta property=\"article:modified_time\" content=\"2023-11-05T16:42:42+00:00\" \/>\n<meta name=\"twitter:card\" content=\"summary_large_image\" \/>\n<script type=\"application\/ld+json\" class=\"yoast-schema-graph\">{\"@context\":\"https:\\\/\\\/schema.org\",\"@graph\":[{\"@type\":\"WebPage\",\"@id\":\"https:\\\/\\\/www.linkinghomes.es\\\/politica-de-cookies\\\/\",\"url\":\"https:\\\/\\\/www.linkinghomes.es\\\/politica-de-cookies\\\/\",\"name\":\"Pol\u00edtica de cookies - Linking Homes\",\"isPartOf\":{\"@id\":\"https:\\\/\\\/www.linkinghomes.es\\\/#website\"},\"datePublished\":\"2023-03-01T13:03:52+00:00\",\"dateModified\":\"2023-11-05T16:42:42+00:00\",\"description\":\"Pol\u00edtica de cookies de Linking Homes\",\"breadcrumb\":{\"@id\":\"https:\\\/\\\/www.linkinghomes.es\\\/politica-de-cookies\\\/#breadcrumb\"},\"inLanguage\":\"en-US\",\"potentialAction\":[{\"@type\":\"ReadAction\",\"target\":[\"https:\\\/\\\/www.linkinghomes.es\\\/politica-de-cookies\\\/\"]}]},{\"@type\":\"BreadcrumbList\",\"@id\":\"https:\\\/\\\/www.linkinghomes.es\\\/politica-de-cookies\\\/#breadcrumb\",\"itemListElement\":[{\"@type\":\"ListItem\",\"position\":1,\"name\":\"Inicio\",\"item\":\"https:\\\/\\\/www.linkinghomes.es\\\/\"},{\"@type\":\"ListItem\",\"position\":2,\"name\":\"Pol\u00edtica de cookies\"}]},{\"@type\":\"WebSite\",\"@id\":\"https:\\\/\\\/www.linkinghomes.es\\\/#website\",\"url\":\"https:\\\/\\\/www.linkinghomes.es\\\/\",\"name\":\"Linking Homes\",\"description\":\"Venta y alquiler de viviendas de lujo\",\"publisher\":{\"@id\":\"https:\\\/\\\/www.linkinghomes.es\\\/#organization\"},\"potentialAction\":[{\"@type\":\"SearchAction\",\"target\":{\"@type\":\"EntryPoint\",\"urlTemplate\":\"https:\\\/\\\/www.linkinghomes.es\\\/?s={search_term_string}\"},\"query-input\":{\"@type\":\"PropertyValueSpecification\",\"valueRequired\":true,\"valueName\":\"search_term_string\"}}],\"inLanguage\":\"en-US\"},{\"@type\":\"Organization\",\"@id\":\"https:\\\/\\\/www.linkinghomes.es\\\/#organization\",\"name\":\"Linking Homes\",\"url\":\"https:\\\/\\\/www.linkinghomes.es\\\/\",\"logo\":{\"@type\":\"ImageObject\",\"inLanguage\":\"en-US\",\"@id\":\"https:\\\/\\\/www.linkinghomes.es\\\/#\\\/schema\\\/logo\\\/image\\\/\",\"url\":\"https:\\\/\\\/www.linkinghomes.es\\\/wp-content\\\/uploads\\\/2025\\\/01\\\/horizontalconsultoresAZUL.svg\",\"contentUrl\":\"https:\\\/\\\/www.linkinghomes.es\\\/wp-content\\\/uploads\\\/2025\\\/01\\\/horizontalconsultoresAZUL.svg\",\"width\":517,\"height\":96,\"caption\":\"Linking Homes\"},\"image\":{\"@id\":\"https:\\\/\\\/www.linkinghomes.es\\\/#\\\/schema\\\/logo\\\/image\\\/\"}}]}<\/script>\n<!-- \/ Yoast SEO plugin. -->","yoast_head_json":{"title":"Cookies policy - Linking Homes","description":"Linking Homes Cookie Policy","robots":{"index":"index","follow":"follow","max-snippet":"max-snippet:-1","max-image-preview":"max-image-preview:large","max-video-preview":"max-video-preview:-1"},"canonical":"https:\/\/www.linkinghomes.es\/en\/politica-de-cookies\/","og_locale":"en_US","og_type":"article","og_title":"Pol\u00edtica de cookies - Linking Homes","og_description":"Pol\u00edtica de cookies de Linking Homes","og_url":"https:\/\/www.linkinghomes.es\/en\/politica-de-cookies\/","og_site_name":"Linking Homes","article_modified_time":"2023-11-05T16:42:42+00:00","twitter_card":"summary_large_image","schema":{"@context":"https:\/\/schema.org","@graph":[{"@type":"WebPage","@id":"https:\/\/www.linkinghomes.es\/politica-de-cookies\/","url":"https:\/\/www.linkinghomes.es\/politica-de-cookies\/","name":"Cookies policy - Linking Homes","isPartOf":{"@id":"https:\/\/www.linkinghomes.es\/#website"},"datePublished":"2023-03-01T13:03:52+00:00","dateModified":"2023-11-05T16:42:42+00:00","description":"Linking Homes Cookie Policy","breadcrumb":{"@id":"https:\/\/www.linkinghomes.es\/politica-de-cookies\/#breadcrumb"},"inLanguage":"en-US","potentialAction":[{"@type":"ReadAction","target":["https:\/\/www.linkinghomes.es\/politica-de-cookies\/"]}]},{"@type":"BreadcrumbList","@id":"https:\/\/www.linkinghomes.es\/politica-de-cookies\/#breadcrumb","itemListElement":[{"@type":"ListItem","position":1,"name":"Inicio","item":"https:\/\/www.linkinghomes.es\/"},{"@type":"ListItem","position":2,"name":"Pol\u00edtica de cookies"}]},{"@type":"WebSite","@id":"https:\/\/www.linkinghomes.es\/#website","url":"https:\/\/www.linkinghomes.es\/","name":"Linking Homes","description":"Luxury homes for sale and rent","publisher":{"@id":"https:\/\/www.linkinghomes.es\/#organization"},"potentialAction":[{"@type":"SearchAction","target":{"@type":"EntryPoint","urlTemplate":"https:\/\/www.linkinghomes.es\/?s={search_term_string}"},"query-input":{"@type":"PropertyValueSpecification","valueRequired":true,"valueName":"search_term_string"}}],"inLanguage":"en-US"},{"@type":"Organization","@id":"https:\/\/www.linkinghomes.es\/#organization","name":"Linking Homes","url":"https:\/\/www.linkinghomes.es\/","logo":{"@type":"ImageObject","inLanguage":"en-US","@id":"https:\/\/www.linkinghomes.es\/#\/schema\/logo\/image\/","url":"https:\/\/www.linkinghomes.es\/wp-content\/uploads\/2025\/01\/horizontalconsultoresAZUL.svg","contentUrl":"https:\/\/www.linkinghomes.es\/wp-content\/uploads\/2025\/01\/horizontalconsultoresAZUL.svg","width":517,"height":96,"caption":"Linking Homes"},"image":{"@id":"https:\/\/www.linkinghomes.es\/#\/schema\/logo\/image\/"}}]}},"_links":{"self":[{"href":"https:\/\/www.linkinghomes.es\/en\/wp-json\/wp\/v2\/pages\/88","targetHints":{"allow":["GET"]}}],"collection":[{"href":"https:\/\/www.linkinghomes.es\/en\/wp-json\/wp\/v2\/pages"}],"about":[{"href":"https:\/\/www.linkinghomes.es\/en\/wp-json\/wp\/v2\/types\/page"}],"author":[{"embeddable":true,"href":"https:\/\/www.linkinghomes.es\/en\/wp-json\/wp\/v2\/users\/1"}],"replies":[{"embeddable":true,"href":"https:\/\/www.linkinghomes.es\/en\/wp-json\/wp\/v2\/comments?post=88"}],"version-history":[{"count":1,"href":"https:\/\/www.linkinghomes.es\/en\/wp-json\/wp\/v2\/pages\/88\/revisions"}],"predecessor-version":[{"id":396,"href":"https:\/\/www.linkinghomes.es\/en\/wp-json\/wp\/v2\/pages\/88\/revisions\/396"}],"wp:attachment":[{"href":"https:\/\/www.linkinghomes.es\/en\/wp-json\/wp\/v2\/media?parent=88"}],"curies":[{"name":"wp","href":"https:\/\/api.w.org\/{rel}","templated":true}]}}